{"id":1632,"date":"2022-01-27T12:52:05","date_gmt":"2022-01-27T12:52:05","guid":{"rendered":"https:\/\/www.rassegefluegel.com\/index.php\/veranstaltungen\/kategorien\/"},"modified":"2022-01-27T12:52:05","modified_gmt":"2022-01-27T12:52:05","slug":"kategorien","status":"publish","type":"page","link":"https:\/\/www.rassegefluegel.com\/index.php\/kategorien\/","title":{"rendered":"Kategorien"},"content":{"rendered":"<p>CONTENTS<\/p>\n","protected":false},"excerpt":{"rendered":"<p>CONTENTS<\/p>\n","protected":false},"author":1,"featured_media":0,"parent":0,"menu_order":0,"comment_status":"closed","ping_status":"closed","template":"","meta":{"footnotes":""},"class_list":["post-1632","page","type-page","status-publish","hentry"],"yoast_head":"<!-- This site is optimized with the Yoast SEO plugin v27.0 - https:\/\/yoast.com\/product\/yoast-seo-wordpress\/ -->\n<title>Kategorien - Rassegefl\u00fcgelzucht Gnigler<\/title>\n<meta name=\"description\" content=\"Information \u00fcber Rassegefl\u00fcgelzucht Gnigler und dem Ktzv. E26 Neukirchen-V\u00f6cklabruck\" \/>\n<meta name=\"robots\" content=\"index, follow, max-snippet:-1, max-image-preview:large, max-video-preview:-1\" \/>\n<link rel=\"canonical\" href=\"https:\/\/www.rassegefluegel.com\/index.php\/kategorien\/\" \/>\n<meta property=\"og:locale\" content=\"de_DE\" \/>\n<meta property=\"og:type\" content=\"article\" \/>\n<meta property=\"og:title\" content=\"Kategorien - Rassegefl\u00fcgelzucht Gnigler\" \/>\n<meta property=\"og:description\" content=\"Information \u00fcber Rassegefl\u00fcgelzucht Gnigler und dem Ktzv. E26 Neukirchen-V\u00f6cklabruck\" \/>\n<meta property=\"og:url\" content=\"https:\/\/www.rassegefluegel.com\/index.php\/kategorien\/\" \/>\n<meta property=\"og:site_name\" content=\"Rassegefl\u00fcgelzucht Gnigler\" \/>\n<meta property=\"article:publisher\" content=\"https:\/\/www.facebook.com\/groups\/1841461572711239\" \/>\n<meta property=\"og:image\" content=\"https:\/\/www.rassegefluegel.com\/wp-content\/uploads\/2021\/12\/cropped-cropped-Rassegefluegelzucht-Gnigler.jpg\" \/>\n\t<meta property=\"og:image:width\" content=\"1920\" \/>\n\t<meta property=\"og:image:height\" content=\"1080\" \/>\n\t<meta property=\"og:image:type\" content=\"image\/jpeg\" \/>\n<meta name=\"twitter:card\" content=\"summary_large_image\" \/>\n<script type=\"application\/ld+json\" class=\"yoast-schema-graph\">{\"@context\":\"https:\/\/schema.org\",\"@graph\":[{\"@type\":\"WebPage\",\"@id\":\"https:\/\/www.rassegefluegel.com\/index.php\/kategorien\/\",\"url\":\"https:\/\/www.rassegefluegel.com\/index.php\/kategorien\/\",\"name\":\"Kategorien - Rassegefl\u00fcgelzucht Gnigler\",\"isPartOf\":{\"@id\":\"https:\/\/www.rassegefluegel.com\/#website\"},\"datePublished\":\"2022-01-27T12:52:05+00:00\",\"description\":\"Information \u00fcber Rassegefl\u00fcgelzucht Gnigler und dem Ktzv. E26 Neukirchen-V\u00f6cklabruck\",\"breadcrumb\":{\"@id\":\"https:\/\/www.rassegefluegel.com\/index.php\/kategorien\/#breadcrumb\"},\"inLanguage\":\"de\",\"potentialAction\":[{\"@type\":\"ReadAction\",\"target\":[\"https:\/\/www.rassegefluegel.com\/index.php\/kategorien\/\"]}]},{\"@type\":\"BreadcrumbList\",\"@id\":\"https:\/\/www.rassegefluegel.com\/index.php\/kategorien\/#breadcrumb\",\"itemListElement\":[{\"@type\":\"ListItem\",\"position\":1,\"name\":\"Startseite\",\"item\":\"https:\/\/www.rassegefluegel.com\/\"},{\"@type\":\"ListItem\",\"position\":2,\"name\":\"Kategorien\"}]},{\"@type\":\"WebSite\",\"@id\":\"https:\/\/www.rassegefluegel.com\/#website\",\"url\":\"https:\/\/www.rassegefluegel.com\/\",\"name\":\"Rassegefl\u00fcgelzucht Gnigler\",\"description\":\"\",\"publisher\":{\"@id\":\"https:\/\/www.rassegefluegel.com\/#\/schema\/person\/c5affc1c140cba40bc617dc56df22f0c\"},\"potentialAction\":[{\"@type\":\"SearchAction\",\"target\":{\"@type\":\"EntryPoint\",\"urlTemplate\":\"https:\/\/www.rassegefluegel.com\/?s={search_term_string}\"},\"query-input\":{\"@type\":\"PropertyValueSpecification\",\"valueRequired\":true,\"valueName\":\"search_term_string\"}}],\"inLanguage\":\"de\"},{\"@type\":[\"Person\",\"Organization\"],\"@id\":\"https:\/\/www.rassegefluegel.com\/#\/schema\/person\/c5affc1c140cba40bc617dc56df22f0c\",\"name\":\"G\u00fcnther Gnigler\",\"image\":{\"@type\":\"ImageObject\",\"inLanguage\":\"de\",\"@id\":\"https:\/\/www.rassegefluegel.com\/#\/schema\/person\/image\/\",\"url\":\"https:\/\/www.rassegefluegel.com\/wp-content\/uploads\/2021\/12\/IMGP7406-2.jpg\",\"contentUrl\":\"https:\/\/www.rassegefluegel.com\/wp-content\/uploads\/2021\/12\/IMGP7406-2.jpg\",\"width\":645,\"height\":877,\"caption\":\"G\u00fcnther Gnigler\"},\"logo\":{\"@id\":\"https:\/\/www.rassegefluegel.com\/#\/schema\/person\/image\/\"},\"description\":\"Obmann des Ktzv.E26 Neukirchen-V\u00f6cklabruck Vizepr\u00e4sident des Rassezuchtverbandes O\u00d6 Kleintierz\u00fcchter\",\"sameAs\":[\"http:\/\/localhost\/wordpress\",\"https:\/\/www.facebook.com\/groups\/1841461572711239\"]}]}<\/script>\n<!-- \/ Yoast SEO plugin. -->","yoast_head_json":{"title":"Kategorien - Rassegefl\u00fcgelzucht Gnigler","description":"Information \u00fcber Rassegefl\u00fcgelzucht Gnigler und dem Ktzv. E26 Neukirchen-V\u00f6cklabruck","robots":{"index":"index","follow":"follow","max-snippet":"max-snippet:-1","max-image-preview":"max-image-preview:large","max-video-preview":"max-video-preview:-1"},"canonical":"https:\/\/www.rassegefluegel.com\/index.php\/kategorien\/","og_locale":"de_DE","og_type":"article","og_title":"Kategorien - Rassegefl\u00fcgelzucht Gnigler","og_description":"Information \u00fcber Rassegefl\u00fcgelzucht Gnigler und dem Ktzv. E26 Neukirchen-V\u00f6cklabruck","og_url":"https:\/\/www.rassegefluegel.com\/index.php\/kategorien\/","og_site_name":"Rassegefl\u00fcgelzucht Gnigler","article_publisher":"https:\/\/www.facebook.com\/groups\/1841461572711239","og_image":[{"width":1920,"height":1080,"url":"https:\/\/www.rassegefluegel.com\/wp-content\/uploads\/2021\/12\/cropped-cropped-Rassegefluegelzucht-Gnigler.jpg","type":"image\/jpeg"}],"twitter_card":"summary_large_image","schema":{"@context":"https:\/\/schema.org","@graph":[{"@type":"WebPage","@id":"https:\/\/www.rassegefluegel.com\/index.php\/kategorien\/","url":"https:\/\/www.rassegefluegel.com\/index.php\/kategorien\/","name":"Kategorien - Rassegefl\u00fcgelzucht Gnigler","isPartOf":{"@id":"https:\/\/www.rassegefluegel.com\/#website"},"datePublished":"2022-01-27T12:52:05+00:00","description":"Information \u00fcber Rassegefl\u00fcgelzucht Gnigler und dem Ktzv. E26 Neukirchen-V\u00f6cklabruck","breadcrumb":{"@id":"https:\/\/www.rassegefluegel.com\/index.php\/kategorien\/#breadcrumb"},"inLanguage":"de","potentialAction":[{"@type":"ReadAction","target":["https:\/\/www.rassegefluegel.com\/index.php\/kategorien\/"]}]},{"@type":"BreadcrumbList","@id":"https:\/\/www.rassegefluegel.com\/index.php\/kategorien\/#breadcrumb","itemListElement":[{"@type":"ListItem","position":1,"name":"Startseite","item":"https:\/\/www.rassegefluegel.com\/"},{"@type":"ListItem","position":2,"name":"Kategorien"}]},{"@type":"WebSite","@id":"https:\/\/www.rassegefluegel.com\/#website","url":"https:\/\/www.rassegefluegel.com\/","name":"Rassegefl\u00fcgelzucht Gnigler","description":"","publisher":{"@id":"https:\/\/www.rassegefluegel.com\/#\/schema\/person\/c5affc1c140cba40bc617dc56df22f0c"},"potentialAction":[{"@type":"SearchAction","target":{"@type":"EntryPoint","urlTemplate":"https:\/\/www.rassegefluegel.com\/?s={search_term_string}"},"query-input":{"@type":"PropertyValueSpecification","valueRequired":true,"valueName":"search_term_string"}}],"inLanguage":"de"},{"@type":["Person","Organization"],"@id":"https:\/\/www.rassegefluegel.com\/#\/schema\/person\/c5affc1c140cba40bc617dc56df22f0c","name":"G\u00fcnther Gnigler","image":{"@type":"ImageObject","inLanguage":"de","@id":"https:\/\/www.rassegefluegel.com\/#\/schema\/person\/image\/","url":"https:\/\/www.rassegefluegel.com\/wp-content\/uploads\/2021\/12\/IMGP7406-2.jpg","contentUrl":"https:\/\/www.rassegefluegel.com\/wp-content\/uploads\/2021\/12\/IMGP7406-2.jpg","width":645,"height":877,"caption":"G\u00fcnther Gnigler"},"logo":{"@id":"https:\/\/www.rassegefluegel.com\/#\/schema\/person\/image\/"},"description":"Obmann des Ktzv.E26 Neukirchen-V\u00f6cklabruck Vizepr\u00e4sident des Rassezuchtverbandes O\u00d6 Kleintierz\u00fcchter","sameAs":["http:\/\/localhost\/wordpress","https:\/\/www.facebook.com\/groups\/1841461572711239"]}]}},"_links":{"self":[{"href":"https:\/\/www.rassegefluegel.com\/index.php\/wp-json\/wp\/v2\/pages\/1632","targetHints":{"allow":["GET"]}}],"collection":[{"href":"https:\/\/www.rassegefluegel.com\/index.php\/wp-json\/wp\/v2\/pages"}],"about":[{"href":"https:\/\/www.rassegefluegel.com\/index.php\/wp-json\/wp\/v2\/types\/page"}],"author":[{"embeddable":true,"href":"https:\/\/www.rassegefluegel.com\/index.php\/wp-json\/wp\/v2\/users\/1"}],"replies":[{"embeddable":true,"href":"https:\/\/www.rassegefluegel.com\/index.php\/wp-json\/wp\/v2\/comments?post=1632"}],"version-history":[{"count":0,"href":"https:\/\/www.rassegefluegel.com\/index.php\/wp-json\/wp\/v2\/pages\/1632\/revisions"}],"wp:attachment":[{"href":"https:\/\/www.rassegefluegel.com\/index.php\/wp-json\/wp\/v2\/media?parent=1632"}],"curies":[{"name":"wp","href":"https:\/\/api.w.org\/{rel}","templated":true}]}}