{"id":1722,"date":"2022-04-06T18:16:39","date_gmt":"2022-04-06T18:16:39","guid":{"rendered":"https:\/\/www.rassegefluegel.com\/?page_id=1722"},"modified":"2026-02-17T13:29:43","modified_gmt":"2026-02-17T13:29:43","slug":"sparten","status":"publish","type":"page","link":"https:\/\/www.rassegefluegel.com\/index.php\/sparten\/","title":{"rendered":"Sparten"},"content":{"rendered":"\t\t<div data-elementor-type=\"wp-page\" data-elementor-id=\"1722\" class=\"elementor elementor-1722\" data-elementor-post-type=\"page\">\n\t\t\t\t\t\t<section class=\"elementor-section elementor-top-section elementor-element elementor-element-3fde11f elementor-section-boxed elementor-section-height-default elementor-section-height-default\" data-id=\"3fde11f\" data-element_type=\"section\" data-e-type=\"section\">\n\t\t\t\t\t\t<div class=\"elementor-container elementor-column-gap-default\">\n\t\t\t\t\t<div class=\"elementor-column elementor-col-33 elementor-top-column elementor-element elementor-element-0df3b69\" data-id=\"0df3b69\" data-element_type=\"column\" data-e-type=\"column\">\n\t\t\t<div class=\"elementor-widget-wrap elementor-element-populated\">\n\t\t\t\t\t\t<div class=\"elementor-element elementor-element-5fb4c9e elementor-widget elementor-widget-heading\" data-id=\"5fb4c9e\" data-element_type=\"widget\" data-e-type=\"widget\" data-widget_type=\"heading.default\">\n\t\t\t\t<div class=\"elementor-widget-container\">\n\t\t\t\t\t<h2 class=\"elementor-heading-title elementor-size-default\">GEFL\u00dcGEL<\/h2>\t\t\t\t<\/div>\n\t\t\t\t<\/div>\n\t\t\t\t<div class=\"elementor-element elementor-element-0007037 elementor-widget elementor-widget-image\" data-id=\"0007037\" data-element_type=\"widget\" data-e-type=\"widget\" data-widget_type=\"image.default\">\n\t\t\t\t<div class=\"elementor-widget-container\">\n\t\t\t\t\t\t\t\t\t\t\t\t<figure class=\"wp-caption\">\n\t\t\t\t\t\t\t\t\t\t\t<a href=\"https:\/\/www.rassegefluegel.com\/index.php\/e26-zuechter-gefluegel\/\">\n\t\t\t\t\t\t\t<img fetchpriority=\"high\" decoding=\"async\" width=\"231\" height=\"300\" src=\"https:\/\/www.rassegefluegel.com\/wp-content\/uploads\/2024\/02\/IMG_3963-231x300.jpg\" class=\"attachment-medium size-medium wp-image-2621\" alt=\"\" srcset=\"https:\/\/www.rassegefluegel.com\/wp-content\/uploads\/2024\/02\/IMG_3963-231x300.jpg 231w, https:\/\/www.rassegefluegel.com\/wp-content\/uploads\/2024\/02\/IMG_3963.jpg 709w\" sizes=\"(max-width: 231px) 100vw, 231px\" \/>\t\t\t\t\t\t\t\t<\/a>\n\t\t\t\t\t\t\t\t\t\t\t<figcaption class=\"widget-image-caption wp-caption-text\">GEFL\u00dcGEL<\/figcaption>\n\t\t\t\t\t\t\t\t\t\t<\/figure>\n\t\t\t\t\t\t\t\t\t<\/div>\n\t\t\t\t<\/div>\n\t\t\t\t\t<\/div>\n\t\t<\/div>\n\t\t\t\t<div class=\"elementor-column elementor-col-33 elementor-top-column elementor-element elementor-element-d1701ff\" data-id=\"d1701ff\" data-element_type=\"column\" data-e-type=\"column\">\n\t\t\t<div class=\"elementor-widget-wrap elementor-element-populated\">\n\t\t\t\t\t\t<div class=\"elementor-element elementor-element-35e3562 elementor-widget elementor-widget-heading\" data-id=\"35e3562\" data-element_type=\"widget\" data-e-type=\"widget\" data-widget_type=\"heading.default\">\n\t\t\t\t<div class=\"elementor-widget-container\">\n\t\t\t\t\t<h2 class=\"elementor-heading-title elementor-size-default\">TAUBEN<\/h2>\t\t\t\t<\/div>\n\t\t\t\t<\/div>\n\t\t\t\t<div class=\"elementor-element elementor-element-80cd7a2 elementor-widget elementor-widget-image\" data-id=\"80cd7a2\" data-element_type=\"widget\" data-e-type=\"widget\" data-widget_type=\"image.default\">\n\t\t\t\t<div class=\"elementor-widget-container\">\n\t\t\t\t\t\t\t\t\t\t\t\t<figure class=\"wp-caption\">\n\t\t\t\t\t\t\t\t\t\t<img decoding=\"async\" width=\"300\" height=\"225\" src=\"https:\/\/www.rassegefluegel.com\/wp-content\/uploads\/2022\/04\/3ef4cf538d6043b4ccbfd995a046f-300x225.jpg\" class=\"attachment-medium size-medium wp-image-1728\" alt=\"\" srcset=\"https:\/\/www.rassegefluegel.com\/wp-content\/uploads\/2022\/04\/3ef4cf538d6043b4ccbfd995a046f-300x225.jpg 300w, https:\/\/www.rassegefluegel.com\/wp-content\/uploads\/2022\/04\/3ef4cf538d6043b4ccbfd995a046f.jpg 640w\" sizes=\"(max-width: 300px) 100vw, 300px\" \/>\t\t\t\t\t\t\t\t\t\t\t<figcaption class=\"widget-image-caption wp-caption-text\">TAUBEN<\/figcaption>\n\t\t\t\t\t\t\t\t\t\t<\/figure>\n\t\t\t\t\t\t\t\t\t<\/div>\n\t\t\t\t<\/div>\n\t\t\t\t\t<\/div>\n\t\t<\/div>\n\t\t\t\t<div class=\"elementor-column elementor-col-33 elementor-top-column elementor-element elementor-element-117c815\" data-id=\"117c815\" data-element_type=\"column\" data-e-type=\"column\">\n\t\t\t<div class=\"elementor-widget-wrap elementor-element-populated\">\n\t\t\t\t\t\t<div class=\"elementor-element elementor-element-c5c6083 elementor-widget elementor-widget-heading\" data-id=\"c5c6083\" data-element_type=\"widget\" data-e-type=\"widget\" data-widget_type=\"heading.default\">\n\t\t\t\t<div class=\"elementor-widget-container\">\n\t\t\t\t\t<h2 class=\"elementor-heading-title elementor-size-default\">KANINCHEN<\/h2>\t\t\t\t<\/div>\n\t\t\t\t<\/div>\n\t\t\t\t<div class=\"elementor-element elementor-element-4b79dfc elementor-widget elementor-widget-image\" data-id=\"4b79dfc\" data-element_type=\"widget\" data-e-type=\"widget\" data-widget_type=\"image.default\">\n\t\t\t\t<div class=\"elementor-widget-container\">\n\t\t\t\t\t\t\t\t\t\t\t\t<figure class=\"wp-caption\">\n\t\t\t\t\t\t\t\t\t\t<img decoding=\"async\" width=\"300\" height=\"218\" src=\"https:\/\/www.rassegefluegel.com\/wp-content\/uploads\/2022\/04\/PHOTO-2022-04-06-19-22-34-300x218.jpg\" class=\"attachment-medium size-medium wp-image-1739\" alt=\"\" srcset=\"https:\/\/www.rassegefluegel.com\/wp-content\/uploads\/2022\/04\/PHOTO-2022-04-06-19-22-34-300x218.jpg 300w, https:\/\/www.rassegefluegel.com\/wp-content\/uploads\/2022\/04\/PHOTO-2022-04-06-19-22-34.jpg 570w\" sizes=\"(max-width: 300px) 100vw, 300px\" \/>\t\t\t\t\t\t\t\t\t\t\t<figcaption class=\"widget-image-caption wp-caption-text\">KANINCHEN<\/figcaption>\n\t\t\t\t\t\t\t\t\t\t<\/figure>\n\t\t\t\t\t\t\t\t\t<\/div>\n\t\t\t\t<\/div>\n\t\t\t\t\t<\/div>\n\t\t<\/div>\n\t\t\t\t\t<\/div>\n\t\t<\/section>\n\t\t\t\t<\/div>\n\t\t","protected":false},"excerpt":{"rendered":"<p>GEFL\u00dcGEL GEFL\u00dcGEL TAUBEN TAUBEN KANINCHEN KANINCHEN<\/p>\n","protected":false},"author":1,"featured_media":0,"parent":0,"menu_order":0,"comment_status":"closed","ping_status":"closed","template":"","meta":{"footnotes":""},"class_list":["post-1722","page","type-page","status-publish","hentry"],"yoast_head":"<!-- This site is optimized with the Yoast SEO plugin v27.0 - https:\/\/yoast.com\/product\/yoast-seo-wordpress\/ -->\n<title>Sparten - Rassegefl\u00fcgelzucht Gnigler<\/title>\n<meta name=\"description\" content=\"Information \u00fcber Rassegefl\u00fcgelzucht Gnigler und dem Ktzv. E26 Neukirchen-V\u00f6cklabruck\" \/>\n<meta name=\"robots\" content=\"index, follow, max-snippet:-1, max-image-preview:large, max-video-preview:-1\" \/>\n<link rel=\"canonical\" href=\"https:\/\/www.rassegefluegel.com\/index.php\/sparten\/\" \/>\n<meta property=\"og:locale\" content=\"de_DE\" \/>\n<meta property=\"og:type\" content=\"article\" \/>\n<meta property=\"og:title\" content=\"Sparten - Rassegefl\u00fcgelzucht Gnigler\" \/>\n<meta property=\"og:description\" content=\"Information \u00fcber Rassegefl\u00fcgelzucht Gnigler und dem Ktzv. E26 Neukirchen-V\u00f6cklabruck\" \/>\n<meta property=\"og:url\" content=\"https:\/\/www.rassegefluegel.com\/index.php\/sparten\/\" \/>\n<meta property=\"og:site_name\" content=\"Rassegefl\u00fcgelzucht Gnigler\" \/>\n<meta property=\"article:publisher\" content=\"https:\/\/www.facebook.com\/groups\/1841461572711239\" \/>\n<meta property=\"article:modified_time\" content=\"2026-02-17T13:29:43+00:00\" \/>\n<meta property=\"og:image\" content=\"https:\/\/www.rassegefluegel.com\/wp-content\/uploads\/2024\/02\/IMG_3963.jpg\" \/>\n\t<meta property=\"og:image:width\" content=\"709\" \/>\n\t<meta property=\"og:image:height\" content=\"919\" \/>\n\t<meta property=\"og:image:type\" content=\"image\/jpeg\" \/>\n<meta name=\"twitter:card\" content=\"summary_large_image\" \/>\n<meta name=\"twitter:label1\" content=\"Gesch\u00e4tzte Lesezeit\" \/>\n\t<meta name=\"twitter:data1\" content=\"1\u00a0Minute\" \/>\n<script type=\"application\/ld+json\" class=\"yoast-schema-graph\">{\"@context\":\"https:\/\/schema.org\",\"@graph\":[{\"@type\":\"WebPage\",\"@id\":\"https:\/\/www.rassegefluegel.com\/index.php\/sparten\/\",\"url\":\"https:\/\/www.rassegefluegel.com\/index.php\/sparten\/\",\"name\":\"Sparten - Rassegefl\u00fcgelzucht Gnigler\",\"isPartOf\":{\"@id\":\"https:\/\/www.rassegefluegel.com\/#website\"},\"primaryImageOfPage\":{\"@id\":\"https:\/\/www.rassegefluegel.com\/index.php\/sparten\/#primaryimage\"},\"image\":{\"@id\":\"https:\/\/www.rassegefluegel.com\/index.php\/sparten\/#primaryimage\"},\"thumbnailUrl\":\"https:\/\/www.rassegefluegel.com\/wp-content\/uploads\/2024\/02\/IMG_3963-231x300.jpg\",\"datePublished\":\"2022-04-06T18:16:39+00:00\",\"dateModified\":\"2026-02-17T13:29:43+00:00\",\"description\":\"Information \u00fcber Rassegefl\u00fcgelzucht Gnigler und dem Ktzv. E26 Neukirchen-V\u00f6cklabruck\",\"breadcrumb\":{\"@id\":\"https:\/\/www.rassegefluegel.com\/index.php\/sparten\/#breadcrumb\"},\"inLanguage\":\"de\",\"potentialAction\":[{\"@type\":\"ReadAction\",\"target\":[\"https:\/\/www.rassegefluegel.com\/index.php\/sparten\/\"]}]},{\"@type\":\"ImageObject\",\"inLanguage\":\"de\",\"@id\":\"https:\/\/www.rassegefluegel.com\/index.php\/sparten\/#primaryimage\",\"url\":\"https:\/\/www.rassegefluegel.com\/wp-content\/uploads\/2024\/02\/IMG_3963.jpg\",\"contentUrl\":\"https:\/\/www.rassegefluegel.com\/wp-content\/uploads\/2024\/02\/IMG_3963.jpg\",\"width\":709,\"height\":919},{\"@type\":\"BreadcrumbList\",\"@id\":\"https:\/\/www.rassegefluegel.com\/index.php\/sparten\/#breadcrumb\",\"itemListElement\":[{\"@type\":\"ListItem\",\"position\":1,\"name\":\"Startseite\",\"item\":\"https:\/\/www.rassegefluegel.com\/\"},{\"@type\":\"ListItem\",\"position\":2,\"name\":\"Sparten\"}]},{\"@type\":\"WebSite\",\"@id\":\"https:\/\/www.rassegefluegel.com\/#website\",\"url\":\"https:\/\/www.rassegefluegel.com\/\",\"name\":\"Rassegefl\u00fcgelzucht Gnigler\",\"description\":\"\",\"publisher\":{\"@id\":\"https:\/\/www.rassegefluegel.com\/#\/schema\/person\/c5affc1c140cba40bc617dc56df22f0c\"},\"potentialAction\":[{\"@type\":\"SearchAction\",\"target\":{\"@type\":\"EntryPoint\",\"urlTemplate\":\"https:\/\/www.rassegefluegel.com\/?s={search_term_string}\"},\"query-input\":{\"@type\":\"PropertyValueSpecification\",\"valueRequired\":true,\"valueName\":\"search_term_string\"}}],\"inLanguage\":\"de\"},{\"@type\":[\"Person\",\"Organization\"],\"@id\":\"https:\/\/www.rassegefluegel.com\/#\/schema\/person\/c5affc1c140cba40bc617dc56df22f0c\",\"name\":\"G\u00fcnther Gnigler\",\"image\":{\"@type\":\"ImageObject\",\"inLanguage\":\"de\",\"@id\":\"https:\/\/www.rassegefluegel.com\/#\/schema\/person\/image\/\",\"url\":\"https:\/\/www.rassegefluegel.com\/wp-content\/uploads\/2021\/12\/IMGP7406-2.jpg\",\"contentUrl\":\"https:\/\/www.rassegefluegel.com\/wp-content\/uploads\/2021\/12\/IMGP7406-2.jpg\",\"width\":645,\"height\":877,\"caption\":\"G\u00fcnther Gnigler\"},\"logo\":{\"@id\":\"https:\/\/www.rassegefluegel.com\/#\/schema\/person\/image\/\"},\"description\":\"Obmann des Ktzv.E26 Neukirchen-V\u00f6cklabruck Vizepr\u00e4sident des Rassezuchtverbandes O\u00d6 Kleintierz\u00fcchter\",\"sameAs\":[\"http:\/\/localhost\/wordpress\",\"https:\/\/www.facebook.com\/groups\/1841461572711239\"]}]}<\/script>\n<!-- \/ Yoast SEO plugin. -->","yoast_head_json":{"title":"Sparten - Rassegefl\u00fcgelzucht Gnigler","description":"Information \u00fcber Rassegefl\u00fcgelzucht Gnigler und dem Ktzv. E26 Neukirchen-V\u00f6cklabruck","robots":{"index":"index","follow":"follow","max-snippet":"max-snippet:-1","max-image-preview":"max-image-preview:large","max-video-preview":"max-video-preview:-1"},"canonical":"https:\/\/www.rassegefluegel.com\/index.php\/sparten\/","og_locale":"de_DE","og_type":"article","og_title":"Sparten - Rassegefl\u00fcgelzucht Gnigler","og_description":"Information \u00fcber Rassegefl\u00fcgelzucht Gnigler und dem Ktzv. E26 Neukirchen-V\u00f6cklabruck","og_url":"https:\/\/www.rassegefluegel.com\/index.php\/sparten\/","og_site_name":"Rassegefl\u00fcgelzucht Gnigler","article_publisher":"https:\/\/www.facebook.com\/groups\/1841461572711239","article_modified_time":"2026-02-17T13:29:43+00:00","og_image":[{"width":709,"height":919,"url":"https:\/\/www.rassegefluegel.com\/wp-content\/uploads\/2024\/02\/IMG_3963.jpg","type":"image\/jpeg"}],"twitter_card":"summary_large_image","twitter_misc":{"Gesch\u00e4tzte Lesezeit":"1\u00a0Minute"},"schema":{"@context":"https:\/\/schema.org","@graph":[{"@type":"WebPage","@id":"https:\/\/www.rassegefluegel.com\/index.php\/sparten\/","url":"https:\/\/www.rassegefluegel.com\/index.php\/sparten\/","name":"Sparten - Rassegefl\u00fcgelzucht Gnigler","isPartOf":{"@id":"https:\/\/www.rassegefluegel.com\/#website"},"primaryImageOfPage":{"@id":"https:\/\/www.rassegefluegel.com\/index.php\/sparten\/#primaryimage"},"image":{"@id":"https:\/\/www.rassegefluegel.com\/index.php\/sparten\/#primaryimage"},"thumbnailUrl":"https:\/\/www.rassegefluegel.com\/wp-content\/uploads\/2024\/02\/IMG_3963-231x300.jpg","datePublished":"2022-04-06T18:16:39+00:00","dateModified":"2026-02-17T13:29:43+00:00","description":"Information \u00fcber Rassegefl\u00fcgelzucht Gnigler und dem Ktzv. E26 Neukirchen-V\u00f6cklabruck","breadcrumb":{"@id":"https:\/\/www.rassegefluegel.com\/index.php\/sparten\/#breadcrumb"},"inLanguage":"de","potentialAction":[{"@type":"ReadAction","target":["https:\/\/www.rassegefluegel.com\/index.php\/sparten\/"]}]},{"@type":"ImageObject","inLanguage":"de","@id":"https:\/\/www.rassegefluegel.com\/index.php\/sparten\/#primaryimage","url":"https:\/\/www.rassegefluegel.com\/wp-content\/uploads\/2024\/02\/IMG_3963.jpg","contentUrl":"https:\/\/www.rassegefluegel.com\/wp-content\/uploads\/2024\/02\/IMG_3963.jpg","width":709,"height":919},{"@type":"BreadcrumbList","@id":"https:\/\/www.rassegefluegel.com\/index.php\/sparten\/#breadcrumb","itemListElement":[{"@type":"ListItem","position":1,"name":"Startseite","item":"https:\/\/www.rassegefluegel.com\/"},{"@type":"ListItem","position":2,"name":"Sparten"}]},{"@type":"WebSite","@id":"https:\/\/www.rassegefluegel.com\/#website","url":"https:\/\/www.rassegefluegel.com\/","name":"Rassegefl\u00fcgelzucht Gnigler","description":"","publisher":{"@id":"https:\/\/www.rassegefluegel.com\/#\/schema\/person\/c5affc1c140cba40bc617dc56df22f0c"},"potentialAction":[{"@type":"SearchAction","target":{"@type":"EntryPoint","urlTemplate":"https:\/\/www.rassegefluegel.com\/?s={search_term_string}"},"query-input":{"@type":"PropertyValueSpecification","valueRequired":true,"valueName":"search_term_string"}}],"inLanguage":"de"},{"@type":["Person","Organization"],"@id":"https:\/\/www.rassegefluegel.com\/#\/schema\/person\/c5affc1c140cba40bc617dc56df22f0c","name":"G\u00fcnther Gnigler","image":{"@type":"ImageObject","inLanguage":"de","@id":"https:\/\/www.rassegefluegel.com\/#\/schema\/person\/image\/","url":"https:\/\/www.rassegefluegel.com\/wp-content\/uploads\/2021\/12\/IMGP7406-2.jpg","contentUrl":"https:\/\/www.rassegefluegel.com\/wp-content\/uploads\/2021\/12\/IMGP7406-2.jpg","width":645,"height":877,"caption":"G\u00fcnther Gnigler"},"logo":{"@id":"https:\/\/www.rassegefluegel.com\/#\/schema\/person\/image\/"},"description":"Obmann des Ktzv.E26 Neukirchen-V\u00f6cklabruck Vizepr\u00e4sident des Rassezuchtverbandes O\u00d6 Kleintierz\u00fcchter","sameAs":["http:\/\/localhost\/wordpress","https:\/\/www.facebook.com\/groups\/1841461572711239"]}]}},"_links":{"self":[{"href":"https:\/\/www.rassegefluegel.com\/index.php\/wp-json\/wp\/v2\/pages\/1722","targetHints":{"allow":["GET"]}}],"collection":[{"href":"https:\/\/www.rassegefluegel.com\/index.php\/wp-json\/wp\/v2\/pages"}],"about":[{"href":"https:\/\/www.rassegefluegel.com\/index.php\/wp-json\/wp\/v2\/types\/page"}],"author":[{"embeddable":true,"href":"https:\/\/www.rassegefluegel.com\/index.php\/wp-json\/wp\/v2\/users\/1"}],"replies":[{"embeddable":true,"href":"https:\/\/www.rassegefluegel.com\/index.php\/wp-json\/wp\/v2\/comments?post=1722"}],"version-history":[{"count":32,"href":"https:\/\/www.rassegefluegel.com\/index.php\/wp-json\/wp\/v2\/pages\/1722\/revisions"}],"predecessor-version":[{"id":3005,"href":"https:\/\/www.rassegefluegel.com\/index.php\/wp-json\/wp\/v2\/pages\/1722\/revisions\/3005"}],"wp:attachment":[{"href":"https:\/\/www.rassegefluegel.com\/index.php\/wp-json\/wp\/v2\/media?parent=1722"}],"curies":[{"name":"wp","href":"https:\/\/api.w.org\/{rel}","templated":true}]}}