{"id":2775,"date":"2025-01-26T10:25:31","date_gmt":"2025-01-26T10:25:31","guid":{"rendered":"https:\/\/www.rassegefluegel.com\/?page_id=2775"},"modified":"2026-02-17T13:22:42","modified_gmt":"2026-02-17T13:22:42","slug":"ueber-mich","status":"publish","type":"page","link":"https:\/\/www.rassegefluegel.com\/index.php\/ueber-mich\/","title":{"rendered":"\u00dcber mich"},"content":{"rendered":"\t\t<div data-elementor-type=\"wp-page\" data-elementor-id=\"2775\" class=\"elementor elementor-2775\" data-elementor-post-type=\"page\">\n\t\t\t\t<div class=\"elementor-element elementor-element-lzj2OOA e-flex e-con-boxed e-con e-parent\" data-id=\"lzj2OOA\" data-element_type=\"container\" data-e-type=\"container\">\n\t\t\t\t\t<div class=\"e-con-inner\">\n\t\t<div class=\"elementor-element elementor-element-WDZZHf8 e-con-full e-flex e-con e-child\" data-id=\"WDZZHf8\" data-element_type=\"container\" data-e-type=\"container\">\n\t\t\t\t<div class=\"elementor-element elementor-element-FwEQCks elementor-widget elementor-widget-heading\" data-id=\"FwEQCks\" data-element_type=\"widget\" data-e-type=\"widget\" data-widget_type=\"heading.default\">\n\t\t\t\t<div class=\"elementor-widget-container\">\n\t\t\t\t\t<h2 class=\"elementor-heading-title elementor-size-default\">Meine Begeisterung f\u00fcr die Rassegefl\u00fcgelzucht<\/h2>\t\t\t\t<\/div>\n\t\t\t\t<\/div>\n\t\t\t\t<\/div>\n\t\t<div class=\"elementor-element elementor-element-mWaY2B4 e-con-full e-flex e-con e-child\" data-id=\"mWaY2B4\" data-element_type=\"container\" data-e-type=\"container\">\n\t\t\t\t<div class=\"elementor-element elementor-element-TzoQKJY elementor-widget elementor-widget-text-editor\" data-id=\"TzoQKJY\" data-element_type=\"widget\" data-e-type=\"widget\" data-widget_type=\"text-editor.default\">\n\t\t\t\t<div class=\"elementor-widget-container\">\n\t\t\t\t\t\t\t\t\t<p>\u00a0<\/p><h5>In der Rassegefl\u00fcgelzucht ist die Begeisterung f\u00fcr diese faszinierenden und einzigartigen Tiere entscheidend und treibt uns an. Wir setzen uns leidenschaftlich daf\u00fcr ein, ihre beeindruckende Sch\u00f6nheit und die enorme Vielfalt, die sie bieten, zu bewahren und zu sch\u00fctzen. Unser Ziel ist es, die Gesundheit und das Wohlergehen unseres Gefl\u00fcgels zu sichern und ebenso die wertvollen Zucht-Traditionen, die \u00fcber Generationen hinweg weitergegeben wurden, f\u00fcr zuk\u00fcnftige Generationen am Leben zu erhalten und zu f\u00f6rdern.<\/h5><p>&#8222;`<\/p>\t\t\t\t\t\t\t\t<\/div>\n\t\t\t\t<\/div>\n\t\t<div class=\"elementor-element elementor-element-9gzg0UR e-flex e-con-boxed e-con e-child\" data-id=\"9gzg0UR\" data-element_type=\"container\" data-e-type=\"container\">\n\t\t\t\t\t<div class=\"e-con-inner\">\n\t\t\t\t\t<\/div>\n\t\t\t\t<\/div>\n\t\t\t\t<\/div>\n\t\t\t\t\t<\/div>\n\t\t\t\t<\/div>\n\t\t<div class=\"elementor-element elementor-element-3bcf987 e-flex e-con-boxed e-con e-parent\" data-id=\"3bcf987\" data-element_type=\"container\" data-e-type=\"container\">\n\t\t\t\t\t<div class=\"e-con-inner\">\n\t\t\t\t<div class=\"elementor-element elementor-element-038159e elementor-widget elementor-widget-text-editor\" data-id=\"038159e\" data-element_type=\"widget\" data-e-type=\"widget\" data-widget_type=\"text-editor.default\">\n\t\t\t\t<div class=\"elementor-widget-container\">\n\t\t\t\t\t\t\t\t\t<p><strong>Marans schwarz-kupfer\u00a0 \u00a0 \u00a0 \u00a0 \u00a0 \u00a0 \u00a0 \u00a0<\/strong><\/p>\t\t\t\t\t\t\t\t<\/div>\n\t\t\t\t<\/div>\n\t\t\t\t\t<\/div>\n\t\t\t\t<\/div>\n\t\t<div class=\"elementor-element elementor-element-8afa229 e-grid e-con-boxed e-con e-parent\" data-id=\"8afa229\" data-element_type=\"container\" data-e-type=\"container\">\n\t\t\t\t\t<div class=\"e-con-inner\">\n\t\t\t\t<div class=\"elementor-element elementor-element-8a96a39 elementor-widget elementor-widget-image\" data-id=\"8a96a39\" data-element_type=\"widget\" data-e-type=\"widget\" data-widget_type=\"image.default\">\n\t\t\t\t<div class=\"elementor-widget-container\">\n\t\t\t\t\t\t\t\t\t\t\t\t\t\t\t<img fetchpriority=\"high\" decoding=\"async\" width=\"512\" height=\"384\" src=\"https:\/\/www.rassegefluegel.com\/wp-content\/uploads\/2021\/11\/2-2.jpg\" class=\"attachment-large size-large wp-image-1014\" alt=\"\" srcset=\"https:\/\/www.rassegefluegel.com\/wp-content\/uploads\/2021\/11\/2-2.jpg 512w, https:\/\/www.rassegefluegel.com\/wp-content\/uploads\/2021\/11\/2-2-300x225.jpg 300w\" sizes=\"(max-width: 512px) 100vw, 512px\" \/>\t\t\t\t\t\t\t\t\t\t\t\t\t\t\t<\/div>\n\t\t\t\t<\/div>\n\t\t\t\t<div class=\"elementor-element elementor-element-a1be0eb elementor-widget elementor-widget-image\" data-id=\"a1be0eb\" data-element_type=\"widget\" data-e-type=\"widget\" data-widget_type=\"image.default\">\n\t\t\t\t<div class=\"elementor-widget-container\">\n\t\t\t\t\t\t\t\t\t\t\t\t\t\t\t<img decoding=\"async\" width=\"512\" height=\"384\" src=\"https:\/\/www.rassegefluegel.com\/wp-content\/uploads\/2021\/11\/3-1.jpg\" class=\"attachment-large size-large wp-image-1015\" alt=\"\" srcset=\"https:\/\/www.rassegefluegel.com\/wp-content\/uploads\/2021\/11\/3-1.jpg 512w, https:\/\/www.rassegefluegel.com\/wp-content\/uploads\/2021\/11\/3-1-300x225.jpg 300w\" sizes=\"(max-width: 512px) 100vw, 512px\" \/>\t\t\t\t\t\t\t\t\t\t\t\t\t\t\t<\/div>\n\t\t\t\t<\/div>\n\t\t\t\t<div class=\"elementor-element elementor-element-230d342 elementor-widget elementor-widget-image\" data-id=\"230d342\" data-element_type=\"widget\" data-e-type=\"widget\" data-widget_type=\"image.default\">\n\t\t\t\t<div class=\"elementor-widget-container\">\n\t\t\t\t\t\t\t\t\t\t\t\t\t\t\t<img decoding=\"async\" width=\"512\" height=\"384\" src=\"https:\/\/www.rassegefluegel.com\/wp-content\/uploads\/2021\/11\/4-1.jpg\" class=\"attachment-large size-large wp-image-1016\" alt=\"\" srcset=\"https:\/\/www.rassegefluegel.com\/wp-content\/uploads\/2021\/11\/4-1.jpg 512w, https:\/\/www.rassegefluegel.com\/wp-content\/uploads\/2021\/11\/4-1-300x225.jpg 300w\" sizes=\"(max-width: 512px) 100vw, 512px\" \/>\t\t\t\t\t\t\t\t\t\t\t\t\t\t\t<\/div>\n\t\t\t\t<\/div>\n\t\t\t\t<div class=\"elementor-element elementor-element-430a367 elementor-widget elementor-widget-image\" data-id=\"430a367\" data-element_type=\"widget\" data-e-type=\"widget\" data-widget_type=\"image.default\">\n\t\t\t\t<div class=\"elementor-widget-container\">\n\t\t\t\t\t\t\t\t\t\t\t\t\t\t\t<img loading=\"lazy\" decoding=\"async\" width=\"512\" height=\"384\" src=\"https:\/\/www.rassegefluegel.com\/wp-content\/uploads\/2021\/11\/5-1.jpg\" class=\"attachment-large size-large wp-image-1017\" alt=\"\" srcset=\"https:\/\/www.rassegefluegel.com\/wp-content\/uploads\/2021\/11\/5-1.jpg 512w, https:\/\/www.rassegefluegel.com\/wp-content\/uploads\/2021\/11\/5-1-300x225.jpg 300w\" sizes=\"(max-width: 512px) 100vw, 512px\" \/>\t\t\t\t\t\t\t\t\t\t\t\t\t\t\t<\/div>\n\t\t\t\t<\/div>\n\t\t\t\t<div class=\"elementor-element elementor-element-256db03 elementor-widget elementor-widget-image\" data-id=\"256db03\" data-element_type=\"widget\" data-e-type=\"widget\" data-widget_type=\"image.default\">\n\t\t\t\t<div class=\"elementor-widget-container\">\n\t\t\t\t\t\t\t\t\t\t\t\t\t\t\t<img loading=\"lazy\" decoding=\"async\" width=\"512\" height=\"384\" src=\"https:\/\/www.rassegefluegel.com\/wp-content\/uploads\/2021\/11\/7-1.jpg\" class=\"attachment-large size-large wp-image-1018\" alt=\"\" srcset=\"https:\/\/www.rassegefluegel.com\/wp-content\/uploads\/2021\/11\/7-1.jpg 512w, https:\/\/www.rassegefluegel.com\/wp-content\/uploads\/2021\/11\/7-1-300x225.jpg 300w\" sizes=\"(max-width: 512px) 100vw, 512px\" \/>\t\t\t\t\t\t\t\t\t\t\t\t\t\t\t<\/div>\n\t\t\t\t<\/div>\n\t\t\t\t<div class=\"elementor-element elementor-element-0dc1a91 elementor-widget elementor-widget-image\" data-id=\"0dc1a91\" data-element_type=\"widget\" data-e-type=\"widget\" data-widget_type=\"image.default\">\n\t\t\t\t<div class=\"elementor-widget-container\">\n\t\t\t\t\t\t\t\t\t\t\t\t\t\t\t<img loading=\"lazy\" decoding=\"async\" width=\"285\" height=\"300\" src=\"https:\/\/www.rassegefluegel.com\/wp-content\/uploads\/2021\/10\/marans5-285x300.jpg\" class=\"attachment-medium size-medium wp-image-613\" alt=\"\" srcset=\"https:\/\/www.rassegefluegel.com\/wp-content\/uploads\/2021\/10\/marans5-285x300.jpg 285w, https:\/\/www.rassegefluegel.com\/wp-content\/uploads\/2021\/10\/marans5-666x703.jpg 666w, https:\/\/www.rassegefluegel.com\/wp-content\/uploads\/2021\/10\/marans5.jpg 669w\" sizes=\"(max-width: 285px) 100vw, 285px\" \/>\t\t\t\t\t\t\t\t\t\t\t\t\t\t\t<\/div>\n\t\t\t\t<\/div>\n\t\t\t\t\t<\/div>\n\t\t\t\t<\/div>\n\t\t<div class=\"elementor-element elementor-element-e204201 e-flex e-con-boxed e-con e-parent\" data-id=\"e204201\" data-element_type=\"container\" data-e-type=\"container\">\n\t\t\t\t\t<div class=\"e-con-inner\">\n\t\t<div class=\"elementor-element elementor-element-e700396 e-con-full e-grid e-con e-child\" data-id=\"e700396\" data-element_type=\"container\" data-e-type=\"container\">\n\t\t\t\t<div class=\"elementor-element elementor-element-e5c2d98 elementor-widget elementor-widget-image\" data-id=\"e5c2d98\" data-element_type=\"widget\" data-e-type=\"widget\" data-widget_type=\"image.default\">\n\t\t\t\t<div class=\"elementor-widget-container\">\n\t\t\t\t\t\t\t\t\t\t\t\t\t\t\t<img loading=\"lazy\" decoding=\"async\" width=\"221\" height=\"300\" src=\"https:\/\/www.rassegefluegel.com\/wp-content\/uploads\/2021\/12\/IMGP7406-2-221x300.jpg\" class=\"attachment-medium size-medium wp-image-1449\" alt=\"\" srcset=\"https:\/\/www.rassegefluegel.com\/wp-content\/uploads\/2021\/12\/IMGP7406-2-221x300.jpg 221w, https:\/\/www.rassegefluegel.com\/wp-content\/uploads\/2021\/12\/IMGP7406-2.jpg 645w\" sizes=\"(max-width: 221px) 100vw, 221px\" \/>\t\t\t\t\t\t\t\t\t\t\t\t\t\t\t<\/div>\n\t\t\t\t<\/div>\n\t\t\t\t<div class=\"elementor-element elementor-element-c71e031 elementor-widget elementor-widget-text-editor\" data-id=\"c71e031\" data-element_type=\"widget\" data-e-type=\"widget\" data-widget_type=\"text-editor.default\">\n\t\t\t\t<div class=\"elementor-widget-container\">\n\t\t\t\t\t\t\t\t\t<div class=\"elementor-element elementor-element-8f61b28 elementor-widget elementor-widget-text-editor\" data-id=\"8f61b28\" data-element_type=\"widget\" data-widget_type=\"text-editor.default\"><div class=\"elementor-widget-container\"><h4><span style=\"color: #000000;\">G\u00fcnther Gnigler<\/span><\/h4><h6><span style=\"color: #000000;\">Obmann des Rassekleintierzuchtvereins E26 Neukirchen-V\u00f6cklabruck seit 2004<\/span><\/h6><h6><span style=\"color: #000000;\"><a style=\"color: #000000;\" href=\"http:\/\/kleintierzucht-ooe.at\/praesidium\">Vizepr\u00e4sident LV-O\u00d6<\/a><\/span><br \/><span style=\"color: #000000;\"><a style=\"color: #000000;\" href=\"https:\/\/www.kleintierzucht-ooe.at\/oberoesterreich\/organisation\/verbandsfunktionaere\/verbandsgruppen.html\">Gruppenobmann Arge 6<\/a><\/span><br \/><span style=\"color: #000000;\"><a style=\"color: #000000;\" href=\"https:\/\/www.kleintierzucht-ooe.at\/oberoesterreich\/organisation\/verbandsfunktionaere\/verbandsfunktionaere.html\">Administrator O\u00d6-LV-Homepage<\/a>\u00a0<br \/><\/span><span style=\"color: #000000;\">Administrator O\u00d6-Datenbank<\/span><\/h6><h6><span style=\"color: #000000;\">\u00a0<\/span><\/h6><h6><span style=\"color: #000000;\"><u>Meine Rassen:<\/u><\/span><\/h6><h6><span style=\"color: #000000;\"><u><\/u>Indische K\u00e4mpfer fasanenbraun<\/span><br \/><span style=\"color: #000000;\">Texaner dunkel<br \/>Pfautaube<\/span><\/h6><h6><span style=\"color: #000000;\">\u00a0<\/span><\/h6><h6><span style=\"color: #000000;\">Ich w\u00fcnsche einen informativen Aufenthalt auf meinen Seiten.<\/span><\/h6><p><a href=\"mailto:g.gnigler@gmail.com\">g.gnigler@gmail.com<\/a><\/p><\/div><\/div>\t\t\t\t\t\t\t\t<\/div>\n\t\t\t\t<\/div>\n\t\t\t\t<\/div>\n\t\t\t\t\t<\/div>\n\t\t\t\t<\/div>\n\t\t\t\t<\/div>\n\t\t","protected":false},"excerpt":{"rendered":"<p>Meine Begeisterung f\u00fcr die Rassegefl\u00fcgelzucht \u00a0 In der Rassegefl\u00fcgelzucht ist die Begeisterung f\u00fcr diese faszinierenden und einzigartigen Tiere entscheidend und treibt uns an. Wir setzen uns leidenschaftlich daf\u00fcr ein, ihre beeindruckende&hellip;<\/p>\n","protected":false},"author":1,"featured_media":0,"parent":0,"menu_order":0,"comment_status":"closed","ping_status":"closed","template":"","meta":{"footnotes":""},"class_list":["post-2775","page","type-page","status-publish","hentry"],"yoast_head":"<!-- This site is optimized with the Yoast SEO plugin v27.0 - https:\/\/yoast.com\/product\/yoast-seo-wordpress\/ -->\n<title>\u00dcber mich - Rassegefl\u00fcgelzucht Gnigler<\/title>\n<meta name=\"description\" content=\"Information \u00fcber Rassegefl\u00fcgelzucht Gnigler und dem Ktzv. E26 Neukirchen-V\u00f6cklabruck\" \/>\n<meta name=\"robots\" content=\"index, follow, max-snippet:-1, max-image-preview:large, max-video-preview:-1\" \/>\n<link rel=\"canonical\" href=\"https:\/\/www.rassegefluegel.com\/index.php\/ueber-mich\/\" \/>\n<meta property=\"og:locale\" content=\"de_DE\" \/>\n<meta property=\"og:type\" content=\"article\" \/>\n<meta property=\"og:title\" content=\"\u00dcber mich - Rassegefl\u00fcgelzucht Gnigler\" \/>\n<meta property=\"og:description\" content=\"Information \u00fcber Rassegefl\u00fcgelzucht Gnigler und dem Ktzv. E26 Neukirchen-V\u00f6cklabruck\" \/>\n<meta property=\"og:url\" content=\"https:\/\/www.rassegefluegel.com\/index.php\/ueber-mich\/\" \/>\n<meta property=\"og:site_name\" content=\"Rassegefl\u00fcgelzucht Gnigler\" \/>\n<meta property=\"article:publisher\" content=\"https:\/\/www.facebook.com\/groups\/1841461572711239\" \/>\n<meta property=\"article:modified_time\" content=\"2026-02-17T13:22:42+00:00\" \/>\n<meta property=\"og:image\" content=\"https:\/\/www.rassegefluegel.com\/wp-content\/uploads\/2021\/11\/2-2.jpg\" \/>\n\t<meta property=\"og:image:width\" content=\"512\" \/>\n\t<meta property=\"og:image:height\" content=\"384\" \/>\n\t<meta property=\"og:image:type\" content=\"image\/jpeg\" \/>\n<meta name=\"twitter:card\" content=\"summary_large_image\" \/>\n<meta name=\"twitter:label1\" content=\"Gesch\u00e4tzte Lesezeit\" \/>\n\t<meta name=\"twitter:data1\" content=\"3\u00a0Minuten\" \/>\n<script type=\"application\/ld+json\" class=\"yoast-schema-graph\">{\"@context\":\"https:\/\/schema.org\",\"@graph\":[{\"@type\":\"WebPage\",\"@id\":\"https:\/\/www.rassegefluegel.com\/index.php\/ueber-mich\/\",\"url\":\"https:\/\/www.rassegefluegel.com\/index.php\/ueber-mich\/\",\"name\":\"\u00dcber mich - Rassegefl\u00fcgelzucht Gnigler\",\"isPartOf\":{\"@id\":\"https:\/\/www.rassegefluegel.com\/#website\"},\"primaryImageOfPage\":{\"@id\":\"https:\/\/www.rassegefluegel.com\/index.php\/ueber-mich\/#primaryimage\"},\"image\":{\"@id\":\"https:\/\/www.rassegefluegel.com\/index.php\/ueber-mich\/#primaryimage\"},\"thumbnailUrl\":\"https:\/\/www.rassegefluegel.com\/wp-content\/uploads\/2021\/11\/2-2.jpg\",\"datePublished\":\"2025-01-26T10:25:31+00:00\",\"dateModified\":\"2026-02-17T13:22:42+00:00\",\"description\":\"Information \u00fcber Rassegefl\u00fcgelzucht Gnigler und dem Ktzv. E26 Neukirchen-V\u00f6cklabruck\",\"breadcrumb\":{\"@id\":\"https:\/\/www.rassegefluegel.com\/index.php\/ueber-mich\/#breadcrumb\"},\"inLanguage\":\"de\",\"potentialAction\":[{\"@type\":\"ReadAction\",\"target\":[\"https:\/\/www.rassegefluegel.com\/index.php\/ueber-mich\/\"]}]},{\"@type\":\"ImageObject\",\"inLanguage\":\"de\",\"@id\":\"https:\/\/www.rassegefluegel.com\/index.php\/ueber-mich\/#primaryimage\",\"url\":\"https:\/\/www.rassegefluegel.com\/wp-content\/uploads\/2021\/11\/2-2.jpg\",\"contentUrl\":\"https:\/\/www.rassegefluegel.com\/wp-content\/uploads\/2021\/11\/2-2.jpg\"},{\"@type\":\"BreadcrumbList\",\"@id\":\"https:\/\/www.rassegefluegel.com\/index.php\/ueber-mich\/#breadcrumb\",\"itemListElement\":[{\"@type\":\"ListItem\",\"position\":1,\"name\":\"Startseite\",\"item\":\"https:\/\/www.rassegefluegel.com\/\"},{\"@type\":\"ListItem\",\"position\":2,\"name\":\"\u00dcber mich\"}]},{\"@type\":\"WebSite\",\"@id\":\"https:\/\/www.rassegefluegel.com\/#website\",\"url\":\"https:\/\/www.rassegefluegel.com\/\",\"name\":\"Rassegefl\u00fcgelzucht Gnigler\",\"description\":\"\",\"publisher\":{\"@id\":\"https:\/\/www.rassegefluegel.com\/#\/schema\/person\/c5affc1c140cba40bc617dc56df22f0c\"},\"potentialAction\":[{\"@type\":\"SearchAction\",\"target\":{\"@type\":\"EntryPoint\",\"urlTemplate\":\"https:\/\/www.rassegefluegel.com\/?s={search_term_string}\"},\"query-input\":{\"@type\":\"PropertyValueSpecification\",\"valueRequired\":true,\"valueName\":\"search_term_string\"}}],\"inLanguage\":\"de\"},{\"@type\":[\"Person\",\"Organization\"],\"@id\":\"https:\/\/www.rassegefluegel.com\/#\/schema\/person\/c5affc1c140cba40bc617dc56df22f0c\",\"name\":\"G\u00fcnther Gnigler\",\"image\":{\"@type\":\"ImageObject\",\"inLanguage\":\"de\",\"@id\":\"https:\/\/www.rassegefluegel.com\/#\/schema\/person\/image\/\",\"url\":\"https:\/\/www.rassegefluegel.com\/wp-content\/uploads\/2021\/12\/IMGP7406-2.jpg\",\"contentUrl\":\"https:\/\/www.rassegefluegel.com\/wp-content\/uploads\/2021\/12\/IMGP7406-2.jpg\",\"width\":645,\"height\":877,\"caption\":\"G\u00fcnther Gnigler\"},\"logo\":{\"@id\":\"https:\/\/www.rassegefluegel.com\/#\/schema\/person\/image\/\"},\"description\":\"Obmann des Ktzv.E26 Neukirchen-V\u00f6cklabruck Vizepr\u00e4sident des Rassezuchtverbandes O\u00d6 Kleintierz\u00fcchter\",\"sameAs\":[\"http:\/\/localhost\/wordpress\",\"https:\/\/www.facebook.com\/groups\/1841461572711239\"]}]}<\/script>\n<!-- \/ Yoast SEO plugin. -->","yoast_head_json":{"title":"\u00dcber mich - Rassegefl\u00fcgelzucht Gnigler","description":"Information \u00fcber Rassegefl\u00fcgelzucht Gnigler und dem Ktzv. E26 Neukirchen-V\u00f6cklabruck","robots":{"index":"index","follow":"follow","max-snippet":"max-snippet:-1","max-image-preview":"max-image-preview:large","max-video-preview":"max-video-preview:-1"},"canonical":"https:\/\/www.rassegefluegel.com\/index.php\/ueber-mich\/","og_locale":"de_DE","og_type":"article","og_title":"\u00dcber mich - Rassegefl\u00fcgelzucht Gnigler","og_description":"Information \u00fcber Rassegefl\u00fcgelzucht Gnigler und dem Ktzv. E26 Neukirchen-V\u00f6cklabruck","og_url":"https:\/\/www.rassegefluegel.com\/index.php\/ueber-mich\/","og_site_name":"Rassegefl\u00fcgelzucht Gnigler","article_publisher":"https:\/\/www.facebook.com\/groups\/1841461572711239","article_modified_time":"2026-02-17T13:22:42+00:00","og_image":[{"width":512,"height":384,"url":"https:\/\/www.rassegefluegel.com\/wp-content\/uploads\/2021\/11\/2-2.jpg","type":"image\/jpeg"}],"twitter_card":"summary_large_image","twitter_misc":{"Gesch\u00e4tzte Lesezeit":"3\u00a0Minuten"},"schema":{"@context":"https:\/\/schema.org","@graph":[{"@type":"WebPage","@id":"https:\/\/www.rassegefluegel.com\/index.php\/ueber-mich\/","url":"https:\/\/www.rassegefluegel.com\/index.php\/ueber-mich\/","name":"\u00dcber mich - Rassegefl\u00fcgelzucht Gnigler","isPartOf":{"@id":"https:\/\/www.rassegefluegel.com\/#website"},"primaryImageOfPage":{"@id":"https:\/\/www.rassegefluegel.com\/index.php\/ueber-mich\/#primaryimage"},"image":{"@id":"https:\/\/www.rassegefluegel.com\/index.php\/ueber-mich\/#primaryimage"},"thumbnailUrl":"https:\/\/www.rassegefluegel.com\/wp-content\/uploads\/2021\/11\/2-2.jpg","datePublished":"2025-01-26T10:25:31+00:00","dateModified":"2026-02-17T13:22:42+00:00","description":"Information \u00fcber Rassegefl\u00fcgelzucht Gnigler und dem Ktzv. E26 Neukirchen-V\u00f6cklabruck","breadcrumb":{"@id":"https:\/\/www.rassegefluegel.com\/index.php\/ueber-mich\/#breadcrumb"},"inLanguage":"de","potentialAction":[{"@type":"ReadAction","target":["https:\/\/www.rassegefluegel.com\/index.php\/ueber-mich\/"]}]},{"@type":"ImageObject","inLanguage":"de","@id":"https:\/\/www.rassegefluegel.com\/index.php\/ueber-mich\/#primaryimage","url":"https:\/\/www.rassegefluegel.com\/wp-content\/uploads\/2021\/11\/2-2.jpg","contentUrl":"https:\/\/www.rassegefluegel.com\/wp-content\/uploads\/2021\/11\/2-2.jpg"},{"@type":"BreadcrumbList","@id":"https:\/\/www.rassegefluegel.com\/index.php\/ueber-mich\/#breadcrumb","itemListElement":[{"@type":"ListItem","position":1,"name":"Startseite","item":"https:\/\/www.rassegefluegel.com\/"},{"@type":"ListItem","position":2,"name":"\u00dcber mich"}]},{"@type":"WebSite","@id":"https:\/\/www.rassegefluegel.com\/#website","url":"https:\/\/www.rassegefluegel.com\/","name":"Rassegefl\u00fcgelzucht Gnigler","description":"","publisher":{"@id":"https:\/\/www.rassegefluegel.com\/#\/schema\/person\/c5affc1c140cba40bc617dc56df22f0c"},"potentialAction":[{"@type":"SearchAction","target":{"@type":"EntryPoint","urlTemplate":"https:\/\/www.rassegefluegel.com\/?s={search_term_string}"},"query-input":{"@type":"PropertyValueSpecification","valueRequired":true,"valueName":"search_term_string"}}],"inLanguage":"de"},{"@type":["Person","Organization"],"@id":"https:\/\/www.rassegefluegel.com\/#\/schema\/person\/c5affc1c140cba40bc617dc56df22f0c","name":"G\u00fcnther Gnigler","image":{"@type":"ImageObject","inLanguage":"de","@id":"https:\/\/www.rassegefluegel.com\/#\/schema\/person\/image\/","url":"https:\/\/www.rassegefluegel.com\/wp-content\/uploads\/2021\/12\/IMGP7406-2.jpg","contentUrl":"https:\/\/www.rassegefluegel.com\/wp-content\/uploads\/2021\/12\/IMGP7406-2.jpg","width":645,"height":877,"caption":"G\u00fcnther Gnigler"},"logo":{"@id":"https:\/\/www.rassegefluegel.com\/#\/schema\/person\/image\/"},"description":"Obmann des Ktzv.E26 Neukirchen-V\u00f6cklabruck Vizepr\u00e4sident des Rassezuchtverbandes O\u00d6 Kleintierz\u00fcchter","sameAs":["http:\/\/localhost\/wordpress","https:\/\/www.facebook.com\/groups\/1841461572711239"]}]}},"_links":{"self":[{"href":"https:\/\/www.rassegefluegel.com\/index.php\/wp-json\/wp\/v2\/pages\/2775","targetHints":{"allow":["GET"]}}],"collection":[{"href":"https:\/\/www.rassegefluegel.com\/index.php\/wp-json\/wp\/v2\/pages"}],"about":[{"href":"https:\/\/www.rassegefluegel.com\/index.php\/wp-json\/wp\/v2\/types\/page"}],"author":[{"embeddable":true,"href":"https:\/\/www.rassegefluegel.com\/index.php\/wp-json\/wp\/v2\/users\/1"}],"replies":[{"embeddable":true,"href":"https:\/\/www.rassegefluegel.com\/index.php\/wp-json\/wp\/v2\/comments?post=2775"}],"version-history":[{"count":52,"href":"https:\/\/www.rassegefluegel.com\/index.php\/wp-json\/wp\/v2\/pages\/2775\/revisions"}],"predecessor-version":[{"id":3002,"href":"https:\/\/www.rassegefluegel.com\/index.php\/wp-json\/wp\/v2\/pages\/2775\/revisions\/3002"}],"wp:attachment":[{"href":"https:\/\/www.rassegefluegel.com\/index.php\/wp-json\/wp\/v2\/media?parent=2775"}],"curies":[{"name":"wp","href":"https:\/\/api.w.org\/{rel}","templated":true}]}}